{"id":321,"date":"2023-09-08T01:41:41","date_gmt":"2023-09-08T01:41:41","guid":{"rendered":"https:\/\/agitation-study.com\/polityka-dotyczaca-plikow-cookie\/"},"modified":"2024-09-03T20:12:38","modified_gmt":"2024-09-03T20:12:38","slug":"polityka-dotyczaca-plikow-cookie","status":"publish","type":"page","link":"https:\/\/agitation-study.com\/pl\/polityka-dotyczaca-plikow-cookie\/","title":{"rendered":"Polityka dotycz\u0105ca plik\u00f3w cookie"},"content":{"rendered":"<p>[et_pb_section fb_built=&#8221;1&#8243; _builder_version=&#8221;4.23&#8243; _module_preset=&#8221;default&#8221; background_color=&#8221;#003F5A&#8221; background_image=&#8221;https:\/\/agitation-study.com\/wp-content\/uploads\/2023\/10\/Agitation_Dementia_Alzheimers_Suven_Background3.png&#8221; parallax=&#8221;on&#8221; custom_padding=&#8221;50px||35px||false|false&#8221; background_last_edited=&#8221;on|tablet&#8221; parallax_tablet=&#8221;off&#8221; locked=&#8221;off&#8221; global_colors_info=&#8221;{}&#8221;][et_pb_row _builder_version=&#8221;4.17.4&#8243; _module_preset=&#8221;default&#8221; custom_padding=&#8221;0px||0px||true|false&#8221; global_colors_info=&#8221;{}&#8221;][et_pb_column type=&#8221;4_4&#8243; _builder_version=&#8221;4.17.4&#8243; _module_preset=&#8221;default&#8221; global_colors_info=&#8221;{}&#8221;][et_pb_text _builder_version=&#8221;4.23&#8243; _module_preset=&#8221;default&#8221; text_text_color=&#8221;#FFFFFF&#8221; header_font_size=&#8221;46px&#8221; header_line_height=&#8221;1.25em&#8221; header_2_font_size=&#8221;34px&#8221; background_layout=&#8221;dark&#8221; custom_margin=&#8221;||10px||false|false&#8221; header_font_size_tablet=&#8221;38px&#8221; header_font_size_phone=&#8221;34px&#8221; header_font_size_last_edited=&#8221;on|desktop&#8221; header_2_font_size_tablet=&#8221;30px&#8221; header_2_font_size_phone=&#8221;28px&#8221; header_2_font_size_last_edited=&#8221;on|phone&#8221; locked=&#8221;off&#8221; global_colors_info=&#8221;{}&#8221;]<\/p>\n<h1>Polityka dotycz\u0105ca plik\u00f3w cookie<\/h1>\n<p>[\/et_pb_text][\/et_pb_column][\/et_pb_row][\/et_pb_section][et_pb_section fb_built=&#8221;1&#8243; _builder_version=&#8221;4.17.4&#8243; _module_preset=&#8221;default&#8221; custom_padding=&#8221;40px||40px||true|false&#8221; global_colors_info=&#8221;{}&#8221;][et_pb_row _builder_version=&#8221;4.17.4&#8243; _module_preset=&#8221;default&#8221; custom_padding=&#8221;2vw||2vw||true|false&#8221; global_colors_info=&#8221;{}&#8221;][et_pb_column type=&#8221;4_4&#8243; _builder_version=&#8221;4.17.4&#8243; _module_preset=&#8221;default&#8221; global_colors_info=&#8221;{}&#8221;][et_pb_text _builder_version=&#8221;4.24.0&#8243; _module_preset=&#8221;default&#8221; global_colors_info=&#8221;{}&#8221;]Last Update: January 31, 2024<\/p>\n<p><strong>Elligo Health Research, Inc.<\/strong> (\u201c<strong>Elligo<\/strong>\u201d \u201c<strong>we<\/strong>\u201d or \u201c<strong>us<\/strong>\u201d) is assisting the Clinical Research Organization (CRO) PPD in providing certain services, which could include study advertising, study recruitment, study site support and hosting the CTP3S1502HT6 study website (the \u201cServices\u201d) on behalf of the Sponsor of the CTP3S1502HT6 Study, Suven (&#8222;short name&#8221;). Suven is the Data Controller for personal data processed for the CTP3S1502HT6 Study.<\/p>\n<p>This Policy describes how and why Elligo uses cookies on this website www.agitation-study.com on behalf of the Data Controller, Suven.[\/et_pb_text][et_pb_text _builder_version=&#8221;4.24.0&#8243; _module_preset=&#8221;default&#8221; global_colors_info=&#8221;{}&#8221;]<\/p>\n<h2>Czym s\u0105 pliki cookie<\/h2>\n<p>Plik cookie to plik tekstowy zawieraj\u0105cy niewielk\u0105 ilo\u015b\u0107 danych. Witryna internetowa lub aplikacja \u2013 odwiedzana przez u\u017cytkownika \u2013 pyta przegl\u0105dark\u0119 u\u017cytkownika, czy mo\u017ce ten plik zapisa\u0107 na urz\u0105dzeniu u\u017cytkownika w\u00a0celu zapami\u0119tania danych o\u00a0nim takich jak informacja, czy u\u017cytkownik zgodzi\u0142 si\u0119 na wykorzystanie przez nas plik\u00f3w cookie. Te pliki cookie s\u0105 zapisywane bezpo\u015brednio przez nas.<\/p>\n<p>U\u017cywamy r\u00f3wnie\u017c plik\u00f3w cookie podmiot\u00f3w zewn\u0119trznych \u2013 s\u0105 to pliki cookie pochodz\u0105ce z\u00a0domeny innej ni\u017c domena odwiedzanej witryny internetowej lub domeny, kt\u00f3r\u0105 nie zarz\u0105dzamy \u2013 na przyk\u0142ad do cel\u00f3w marketingowych lub reklamowych.<\/p>\n<p>[\/et_pb_text][et_pb_text _builder_version=&#8221;4.24.0&#8243; _module_preset=&#8221;default&#8221; global_colors_info=&#8221;{}&#8221;]<\/p>\n<h2>How we use Cookies<\/h2>\n<p>This website uses two types of cookies: persistent and session cookies.<strong>Persistent<\/strong> cookies are cookies that remain on your device for a certain period of time (as indicated in the table below) or until you manually delete them or object to them. <strong>Session<\/strong> cookies are cookies that expire at the end of the browser session (e.g., when you leave our website and close your browser).<\/p>\n<p>We use <strong>strictly necessary<\/strong> cookies to (i) recognize you as a return user, (ii) secure and provide you with our website (e.g. website formatting and protect our website against malicious attacks), and (iii) save some of your preferences (e.g. cookie consent and language settings).<\/p>\n<p>We use <strong>non-essential (non-strictly necessary) cookies<\/strong> to (i) to deliver targeted advertising on the basis of your browsing behaviour and (ii) observe and analyse traffic levels and other metrics on our website, which helps us improve our website as well as your overall user experience. We only use non-essential cookies where we have your consent (see below).<\/p>\n<p>Cookies may be <strong>first party<\/strong> or <strong>third party<\/strong>, meaning they are operated by us (first party) or by another party (third party). Please note that interactions with the third-party cookies on our website are governed by the privacy and cookie policies of the third party as set out below.<\/p>\n<p>Further information on the types of cookies we use is set out below.[\/et_pb_text][et_pb_text _builder_version=&#8221;4.24.0&#8243; _module_preset=&#8221;default&#8221; global_colors_info=&#8221;{}&#8221;]<\/p>\n<h2>Managing Cookies<\/h2>\n<p>On your first visit to our website and every six months thereafter, on the homepage you will see a cookie banner informing you why cookies are used and asking you to consent to each non-essential cookie if you agree with us using them by choosing \u201cAccept\u201d. If you do not agree, you can select which ones to reject or accept or you can choose to \u201cDecline\u201d.<\/p>\n<p>You can change your cookie preferences through the cookie banner, where you have the option of opting-in or opting-out to the use of non-essential cookies on your device. However, you can also update your cookie preferences at all times by using this button below:[\/et_pb_text][et_pb_code _builder_version=&#8221;4.27.0&#8243; _module_preset=&#8221;default&#8221; custom_margin=&#8221;||30px||false|false&#8221; hover_enabled=&#8221;0&#8243; global_colors_info=&#8221;{}&#8221; sticky_enabled=&#8221;0&#8243;][wcc_preference_button][\/et_pb_code][et_pb_text _builder_version=&#8221;4.24.0&#8243; _module_preset=&#8221;default&#8221; global_colors_info=&#8221;{}&#8221;]<\/p>\n<p>Nale\u017cy pami\u0119ta\u0107, \u017ce nie da si\u0119 wy\u0142\u0105czy\u0107 \u015bci\u015ble niezb\u0119dnych plik\u00f3w cookie, poniewa\u017c wp\u0142ywaj\u0105 one na dzia\u0142anie strony i\u00a0mo\u017cliwo\u015b\u0107 u\u017cywania jej okre\u015blonych funkcji.<\/p>\n<p>[\/et_pb_text][et_pb_text _builder_version=&#8221;4.19.5&#8243; _module_preset=&#8221;default&#8221; custom_margin=&#8221;||8px||false|false&#8221; global_colors_info=&#8221;{}&#8221;]<\/p>\n<h2>Rodzaje u\u017cywanych plik\u00f3w cookie<\/h2>\n<p>[\/et_pb_text][et_pb_text _builder_version=&#8221;4.24.0&#8243; _module_preset=&#8221;default&#8221; header_2_text_color=&#8221;#691F45&#8243; custom_padding=&#8221;1px|||||&#8221; custom_css_main_element=&#8221;overflow-x: auto;&#8221; global_colors_info=&#8221;{}&#8221;]<\/p>\n<table border=\"1\" style=\"border-collapse: collapse; width: 100%;\">\n<tbody>\n<tr>\n<td style=\"width: 15.9585%;\"><strong>Operator<\/strong><\/td>\n<td style=\"width: 1.21359%;\"><strong>Cookie Name<\/strong><\/td>\n<td style=\"width: 17.5261%;\"><strong>Session or Persistent <\/strong><\/td>\n<td style=\"width: 47.568%;\"><strong>Purpose<\/strong><\/td>\n<td style=\"width: 40.0688%;\"><strong>Lifespan<\/strong><\/td>\n<\/tr>\n<tr>\n<td style=\"text-align: center;\" colspan=\"5\">\n<h3 style=\"padding: 4px 0;\">Strictly Necessary Cookies<\/h3>\n<\/td>\n<\/tr>\n<tr>\n<td style=\"width: 15.9585%;\"><em>Elligo<\/em><\/td>\n<td style=\"width: 1.21359%;\">PHPSESSID<\/td>\n<td style=\"width: 17.5261%;\">Session<\/td>\n<td style=\"width: 47.568%;\">This cookie is native to PHP applications. The cookie is used to store and identify a users&#8217; unique session ID for the purpose of managing user session on the website. The cookie is a session cookie and is deleted when all the browser windows are closed.<\/td>\n<td style=\"width: 40.0688%;\">Session<\/td>\n<\/tr>\n<tr>\n<td style=\"width: 15.9585%;\"><em>Elligo<\/em><\/td>\n<td style=\"width: 1.21359%;\">viewed_cookie_policy<\/td>\n<td style=\"width: 17.5261%;\">Persistent<\/td>\n<td style=\"width: 47.568%;\">The cookie is set by the GDPR Cookie Consent plugin and is used to store whether or not user has consented to the use of cookies. It does not store any personal data.<\/td>\n<td style=\"width: 40.0688%;\">6 months<\/td>\n<\/tr>\n<tr>\n<td style=\"width: 15.9585%;\"><em>Elligo<\/em><\/td>\n<td style=\"width: 1.21359%;\">CookieLawInfoConsent<\/td>\n<td style=\"width: 17.5261%;\">Persistent<\/td>\n<td style=\"width: 47.568%;\">CookieYes sets this cookie to record the default button state of the corresponding category and the status of CCPA. It works only in coordination with the primary cookie.<\/td>\n<td style=\"width: 40.0688%;\">1 year<\/td>\n<\/tr>\n<tr>\n<td style=\"width: 15.9585%;\"><em>Elligo<\/em><\/td>\n<td style=\"width: 1.21359%;\">cookielawinfo-checkbox-necessary<\/td>\n<td style=\"width: 17.5261%;\">Persistent<\/td>\n<td style=\"width: 47.568%;\">This cookie is set by GDPR Cookie Consent plugin. The cookies is used to store the user consent for the cookies in the category &#8222;Necessary&#8221;.<\/td>\n<td style=\"width: 40.0688%;\">1 year<\/td>\n<\/tr>\n<tr>\n<td style=\"width: 15.9585%;\"><em>Elligo<\/em><\/td>\n<td style=\"width: 1.21359%;\">cookielawinfo-checkbox-functional<\/td>\n<td style=\"width: 17.5261%;\">Persistent<\/td>\n<td style=\"width: 47.568%;\">The cookie is set by the GDPR Cookie Consent plugin to record the user consent for the cookies in the category &#8222;Functional&#8221;.<\/td>\n<td style=\"width: 40.0688%;\">1 year<\/td>\n<\/tr>\n<tr>\n<td style=\"width: 15.9585%;\"><em>Elligo<\/em><\/td>\n<td style=\"width: 1.21359%;\">cookielawinfo-checkbox-performance<\/td>\n<td style=\"width: 17.5261%;\">Persistent<\/td>\n<td style=\"width: 47.568%;\">This cookie is set by GDPR Cookie Consent plugin. The cookie is used to store the user consent for the cookies in the category &#8222;Performance&#8221;.<\/td>\n<td style=\"width: 40.0688%;\">1 year<\/td>\n<\/tr>\n<tr>\n<td style=\"width: 15.9585%;\"><em>Elligo<\/em><\/td>\n<td style=\"width: 1.21359%;\">cookielawinfo-checkbox-analytics<\/td>\n<td style=\"width: 17.5261%;\">Persistent<\/td>\n<td style=\"width: 47.568%;\">This cookie is set by GDPR Cookie Consent WordPress Plugin. The cookie is used to remember the user consent for the cookies under the category &#8222;Analytics&#8221;.<\/td>\n<td style=\"width: 40.0688%;\">1 year<\/td>\n<\/tr>\n<tr>\n<td style=\"width: 15.9585%;\"><em>Elligo<\/em><\/td>\n<td style=\"width: 1.21359%;\">cookielawinfo-checkbox-advertisement<\/td>\n<td style=\"width: 17.5261%;\">Persistent<\/td>\n<td style=\"width: 47.568%;\">The cookie is set by GDPR cookie consent to record the user consent for the cookies in the category &#8222;Advertisement&#8221;.<\/td>\n<td style=\"width: 40.0688%;\">1 year<\/td>\n<\/tr>\n<tr>\n<td style=\"width: 15.9585%;\"><em>Elligo<\/em><\/td>\n<td style=\"width: 1.21359%;\">cookielawinfo-checkbox-others<\/td>\n<td style=\"width: 17.5261%;\">Persistent<\/td>\n<td style=\"width: 47.568%;\">This cookie is set by GDPR Cookie Consent plugin. The cookie is used to store the user consent for the cookies in the category &#8222;Others&#8221;.<\/td>\n<td style=\"width: 40.0688%;\">1 year<\/td>\n<\/tr>\n<tr>\n<td style=\"width: 15.9585%;\"><em>Elligo<\/em><\/td>\n<td style=\"width: 1.21359%;\">selected_language_url<\/td>\n<td style=\"width: 17.5261%;\">Persistent<\/td>\n<td style=\"width: 47.568%;\">This cookie is used to a display the chosen language a user selects on the website.<\/td>\n<td style=\"width: 40.0688%;\">6 months<\/td>\n<\/tr>\n<tr>\n<td style=\"width: 15.9585%;\"><em>WPML<\/em><\/td>\n<td style=\"width: 1.21359%;\">wp-wpml_current_language<\/td>\n<td style=\"width: 17.5261%;\">Persistent<\/td>\n<td style=\"width: 47.568%;\">This cookie is set by the WPML plugin to store the current user&#8217;s language selection.<\/td>\n<td style=\"width: 40.0688%;\">24 hours<\/td>\n<\/tr>\n<tr>\n<td style=\"width: 15.9585%;\"><em> Matomo<\/em><\/td>\n<td style=\"width: 1.21359%;\">matomo_sessid<\/td>\n<td style=\"width: 17.5261%;\">Session<\/td>\n<td style=\"width: 47.568%;\">This cookie does not contain any data used to identify visitors but is considered an essential cookie.<\/td>\n<td style=\"width: 40.0688%;\">14 days<\/td>\n<\/tr>\n<tr>\n<td style=\"text-align: center;\" colspan=\"5\">\n<h3 style=\"padding: 4px 0;\">Non-Strictly Necessary Cookies<\/h3>\n<\/td>\n<\/tr>\n<tr>\n<td style=\"width: 15.9585%;\"><em>AppFromLab<\/em><\/td>\n<td style=\"width: 1.21359%;\">afl_wc_utm_sess_referer<\/td>\n<td style=\"width: 17.5261%;\">Session<\/td>\n<td style=\"width: 47.568%;\">Set by the AFL UTM Tracker plugin, this cookie stores the user&#8217;s first website referrer.<\/td>\n<td style=\"width: 40.0688%;\">Session<\/td>\n<\/tr>\n<tr>\n<td style=\"width: 15.9585%;\"><em>AppFromLab<\/em><\/td>\n<td style=\"width: 1.21359%;\">afl_wc_utm_cookie_expiry<\/td>\n<td style=\"width: 17.5261%;\">Persistent<\/td>\n<td style=\"width: 47.568%;\">Set by the AFL UTM Tracker plugin, this cookie stores the number of days that the cookies set by AFL UTM Tracker plugin should expire after the user\u2019s last visit.<\/td>\n<td style=\"width: 40.0688%;\">90 days<\/td>\n<\/tr>\n<tr>\n<td style=\"width: 15.9585%;\"><em>AppFromLab<\/em><\/td>\n<td style=\"width: 1.21359%;\">afl_wc_utm_sess_visit<\/td>\n<td style=\"width: 17.5261%;\">Session<\/td>\n<td style=\"width: 47.568%;\">Set by the AFL UTM Tracker plugin, this cookie stores the user&#8217;s first landing page visit timestamp.<\/td>\n<td style=\"width: 40.0688%;\">Session<\/td>\n<\/tr>\n<tr>\n<td style=\"width: 15.9585%;\"><em>AppFromLab<\/em><\/td>\n<td style=\"width: 1.21359%;\">afl_wc_utm_sess_landing<\/td>\n<td style=\"width: 17.5261%;\">Session<\/td>\n<td style=\"width: 47.568%;\">Set by the AFL UTM Tracker plugin, this cookie stores the user&#8217;s first landing page URL.<\/td>\n<td style=\"width: 40.0688%;\">Session<\/td>\n<\/tr>\n<tr>\n<td style=\"width: 15.9585%;\"><em>AppFromLab<\/em><\/td>\n<td style=\"width: 1.21359%;\">afl_wc_utm_main<\/td>\n<td style=\"width: 17.5261%;\">Session<\/td>\n<td style=\"width: 47.568%;\">Set by the AFL UTM Tracker plugin, this cookie stores the timestamp of the last updated server-side communication.<\/td>\n<td style=\"width: 40.0688%;\">Session<\/td>\n<\/tr>\n<tr>\n<td style=\"width: 15.9585%;\"><em>Cloudflare<\/em><\/td>\n<td style=\"width: 1.21359%;\">__cf_bm<\/td>\n<td style=\"width: 17.5261%;\">Persistent<\/td>\n<td style=\"width: 47.568%;\">Cloudflare sets this cookie to support Cloudflare Bot Management.<\/td>\n<td style=\"width: 40.0688%;\">30 minutes<\/td>\n<\/tr>\n<tr>\n<td style=\"width: 15.9585%;\"><em>Matomo<\/em><\/td>\n<td style=\"width: 1.21359%;\">_pk_id*<\/td>\n<td style=\"width: 17.5261%;\">Persistent<\/td>\n<td style=\"width: 47.568%;\">Used to store a few details about the user such as the unit visitor ID.<\/td>\n<td style=\"width: 40.0688%;\">13 months<\/td>\n<\/tr>\n<tr>\n<td style=\"width: 15.9585%;\"><em>Matomo<\/em><\/td>\n<td style=\"width: 1.21359%;\">_pk_ref*<\/td>\n<td style=\"width: 17.5261%;\">Persistent<\/td>\n<td style=\"width: 47.568%;\">Used to store the attribution information.<\/td>\n<td style=\"width: 40.0688%;\">6 months<\/td>\n<\/tr>\n<tr>\n<td style=\"width: 15.9585%;\"><em>Matomo<\/em><\/td>\n<td style=\"width: 1.21359%;\">_pk_ses*<\/td>\n<td style=\"width: 17.5261%;\">Session<\/td>\n<td style=\"width: 47.568%;\">Used to store unique session ID.<\/td>\n<td style=\"width: 40.0688%;\">30 minutes<\/td>\n<\/tr>\n<tr>\n<td style=\"width: 15.9585%;\"><em>Matomo<\/em><\/td>\n<td style=\"width: 1.21359%;\">_pk_cvar<\/td>\n<td style=\"width: 17.5261%;\">Session<\/td>\n<td style=\"width: 47.568%;\">Holds custom variables that were set during the previous page view.<\/td>\n<td style=\"width: 40.0688%;\">30 minutes<\/td>\n<\/tr>\n<tr>\n<td style=\"width: 15.9585%;\"><em>Matomo<\/em><\/td>\n<td style=\"width: 1.21359%;\">_pk_hsr<\/td>\n<td style=\"width: 17.5261%;\">Session<\/td>\n<td style=\"width: 47.568%;\">Short-lived cookie for website heatmapping.<\/td>\n<td style=\"width: 40.0688%;\">30 minutes<\/td>\n<\/tr>\n<tr>\n<td style=\"width: 15.9585%;\"><em>Matomo<\/em><\/td>\n<td style=\"width: 1.21359%;\">_pk_testcookie<\/td>\n<td style=\"width: 17.5261%;\">Session<\/td>\n<td style=\"width: 47.568%;\">Used to check whether the visitor\u2019s browser supports cookies.<\/td>\n<td style=\"width: 40.0688%;\">&lt;5 minutes<\/td>\n<\/tr>\n<tr>\n<td style=\"width: 15.9585%;\"><em>Matomo<\/em><\/td>\n<td style=\"width: 1.21359%;\">mtm_consent or mtm_consent_removed<\/td>\n<td style=\"width: 17.5261%;\">Persistent<\/td>\n<td style=\"width: 47.568%;\">Created to remember that consent was given (or removed) by the user.<\/td>\n<td style=\"width: 40.0688%;\">2 years<\/td>\n<\/tr>\n<tr>\n<td style=\"width: 15.9585%;\"><em>\u00a0Matomo<\/em><\/td>\n<td style=\"width: 1.21359%;\">mtm_cookie_consent<\/td>\n<td style=\"width: 17.5261%;\">Persistent<\/td>\n<td style=\"width: 47.568%;\">Used to remember that consent for storing and using cookies was given by the user.<\/td>\n<td style=\"width: 40.0688%;\">2 years<\/td>\n<\/tr>\n<tr>\n<td style=\"width: 15.9585%;\"><em>\u00a0Matomo<\/em><\/td>\n<td style=\"width: 1.21359%;\">Matomo_ignore<\/td>\n<td style=\"width: 17.5261%;\">Persistent<\/td>\n<td style=\"width: 47.568%;\">Created when the user opts-out from being tracked.<\/td>\n<td style=\"width: 40.0688%;\">30 years<\/td>\n<\/tr>\n<tr>\n<td style=\"width: 15.9585%;\"><em>Google<\/em><\/td>\n<td style=\"width: 1.21359%;\">__gads<\/td>\n<td style=\"width: 17.5261%;\">Persistent<\/td>\n<td style=\"width: 47.568%;\">Google uses cookies for advertising, including serving and rendering ads, personalizing ads (depending on your ad settings at <a href=\"https:\/\/g.co\/adsettings\" target=\"_blank\" rel=\"noreferrer noopener\">g.co\/adsettings<\/a>), limiting the number of times an ad is shown to a user, muting ads you have chosen to stop seeing, and measuring the effectiveness of ads.<\/td>\n<td style=\"width: 40.0688%;\">13 months<\/td>\n<\/tr>\n<tr>\n<td style=\"width: 15.9585%;\"><em>Google<\/em><\/td>\n<td style=\"width: 1.21359%;\">_gcl_au,_gcl_aw<\/td>\n<td style=\"width: 17.5261%;\">Persistent<\/td>\n<td style=\"width: 47.568%;\">Google uses cookies for advertising, including serving and rendering ads, personalizing ads (depending on your ad settings at <a href=\"https:\/\/g.co\/adsettings\" target=\"_blank\" rel=\"noreferrer noopener\">g.co\/adsettings<\/a>), limiting the number of times an ad is shown to a user, muting ads you have chosen to stop seeing, and measuring the effectiveness of ads.<\/td>\n<td style=\"width: 40.0688%;\">90 days<\/td>\n<\/tr>\n<\/tbody>\n<\/table>\n<p>[\/et_pb_text][et_pb_text _builder_version=&#8221;4.24.0&#8243; _module_preset=&#8221;default&#8221; global_colors_info=&#8221;{}&#8221;]<\/p>\n<h2>Contact Us<\/h2>\n<p>For more information on our use of cookies on our website, please contact us at:<\/p>\n<p>Elligo Health Research, Inc.<br \/>11612 Bee Caves Rd<br \/>Building 1 Suite 150<br \/>Austin, TX 78738<\/p>\n<p>Data Protection Officer (DPO)<br \/><a href=\"mailto:privacy@elligodirect.com\">privacy@elligodirect.com<\/a><\/p>\n<p>For more information on how we process personal data through the use of cookies, please visit our <a href=\"\/privacy-policy\/\"><strong>Privacy Policy<\/strong><\/a>.<\/p>\n<p>[\/et_pb_text][\/et_pb_column][\/et_pb_row][\/et_pb_section]<\/p>\n","protected":false},"excerpt":{"rendered":"<p>Polityka dotycz\u0105ca plik\u00f3w cookieLast Update: January 31, 2024 Elligo Health Research, Inc. (\u201cElligo\u201d \u201cwe\u201d or \u201cus\u201d) is assisting the Clinical Research Organization (CRO) PPD in providing certain services, which could include study advertising, study recruitment, study site support and hosting the CTP3S1502HT6 study website (the \u201cServices\u201d) on behalf of the Sponsor of the CTP3S1502HT6 Study, [&hellip;]<\/p>\n","protected":false},"author":2,"featured_media":0,"parent":0,"menu_order":0,"comment_status":"closed","ping_status":"closed","template":"","meta":{"_et_pb_use_builder":"on","_et_pb_old_content":"","_et_gb_content_width":"","footnotes":""},"class_list":["post-321","page","type-page","status-publish","hentry"],"_links":{"self":[{"href":"https:\/\/agitation-study.com\/pl\/wp-json\/wp\/v2\/pages\/321","targetHints":{"allow":["GET"]}}],"collection":[{"href":"https:\/\/agitation-study.com\/pl\/wp-json\/wp\/v2\/pages"}],"about":[{"href":"https:\/\/agitation-study.com\/pl\/wp-json\/wp\/v2\/types\/page"}],"author":[{"embeddable":true,"href":"https:\/\/agitation-study.com\/pl\/wp-json\/wp\/v2\/users\/2"}],"replies":[{"embeddable":true,"href":"https:\/\/agitation-study.com\/pl\/wp-json\/wp\/v2\/comments?post=321"}],"version-history":[{"count":0,"href":"https:\/\/agitation-study.com\/pl\/wp-json\/wp\/v2\/pages\/321\/revisions"}],"wp:attachment":[{"href":"https:\/\/agitation-study.com\/pl\/wp-json\/wp\/v2\/media?parent=321"}],"curies":[{"name":"wp","href":"https:\/\/api.w.org\/{rel}","templated":true}]}}