{"id":390,"date":"2023-09-08T01:41:41","date_gmt":"2023-09-08T01:41:41","guid":{"rendered":"https:\/\/agitation-study.com\/politica-de-cookies\/"},"modified":"2024-09-03T20:12:39","modified_gmt":"2024-09-03T20:12:39","slug":"politica-de-cookies","status":"publish","type":"page","link":"https:\/\/agitation-study.com\/es\/politica-de-cookies\/","title":{"rendered":"Pol\u00edtica de cookies"},"content":{"rendered":"<p>[et_pb_section fb_built=\u00bb1&#8243; _builder_version=\u00bb4.23&#8243; _module_preset=\u00bbdefault\u00bb background_color=\u00bb#003F5A\u00bb background_image=\u00bbhttps:\/\/agitation-study.com\/wp-content\/uploads\/2023\/10\/Agitation_Dementia_Alzheimers_Suven_Background3.png\u00bb parallax=\u00bbon\u00bb custom_padding=\u00bb50px||35px||false|false\u00bb background_last_edited=\u00bbon|tablet\u00bb parallax_tablet=\u00bboff\u00bb locked=\u00bboff\u00bb global_colors_info=\u00bb{}\u00bb][et_pb_row _builder_version=\u00bb4.17.4&#8243; _module_preset=\u00bbdefault\u00bb custom_padding=\u00bb0px||0px||true|false\u00bb global_colors_info=\u00bb{}\u00bb][et_pb_column type=\u00bb4_4&#8243; _builder_version=\u00bb4.17.4&#8243; _module_preset=\u00bbdefault\u00bb global_colors_info=\u00bb{}\u00bb][et_pb_text _builder_version=\u00bb4.23&#8243; _module_preset=\u00bbdefault\u00bb text_text_color=\u00bb#FFFFFF\u00bb header_font_size=\u00bb46px\u00bb header_line_height=\u00bb1.25em\u00bb header_2_font_size=\u00bb34px\u00bb background_layout=\u00bbdark\u00bb custom_margin=\u00bb||10px||false|false\u00bb header_font_size_tablet=\u00bb38px\u00bb header_font_size_phone=\u00bb34px\u00bb header_font_size_last_edited=\u00bbon|desktop\u00bb header_2_font_size_tablet=\u00bb30px\u00bb header_2_font_size_phone=\u00bb28px\u00bb header_2_font_size_last_edited=\u00bbon|phone\u00bb locked=\u00bboff\u00bb global_colors_info=\u00bb{}\u00bb]<\/p>\n<h1>Pol\u00edtica de cookies<\/h1>\n<p>[\/et_pb_text][\/et_pb_column][\/et_pb_row][\/et_pb_section][et_pb_section fb_built=\u00bb1&#8243; _builder_version=\u00bb4.17.4&#8243; _module_preset=\u00bbdefault\u00bb custom_padding=\u00bb40px||40px||true|false\u00bb global_colors_info=\u00bb{}\u00bb][et_pb_row _builder_version=\u00bb4.17.4&#8243; _module_preset=\u00bbdefault\u00bb custom_padding=\u00bb2vw||2vw||true|false\u00bb global_colors_info=\u00bb{}\u00bb][et_pb_column type=\u00bb4_4&#8243; _builder_version=\u00bb4.17.4&#8243; _module_preset=\u00bbdefault\u00bb global_colors_info=\u00bb{}\u00bb][et_pb_text _builder_version=\u00bb4.24.0&#8243; _module_preset=\u00bbdefault\u00bb global_colors_info=\u00bb{}\u00bb]Last Update: January 31, 2024<\/p>\n<p><strong>Elligo Health Research, Inc.<\/strong> (\u201c<strong>Elligo<\/strong>\u201d \u201c<strong>we<\/strong>\u201d or \u201c<strong>us<\/strong>\u201d) is assisting the Clinical Research Organization (CRO) PPD in providing certain services, which could include study advertising, study recruitment, study site support and hosting the CTP3S1502HT6 study website (the \u201cServices\u201d) on behalf of the Sponsor of the CTP3S1502HT6 Study, Suven (\u00abshort name\u00bb). Suven is the Data Controller for personal data processed for the CTP3S1502HT6 Study.<\/p>\n<p>This Policy describes how and why Elligo uses cookies on this website www.agitation-study.com on behalf of the Data Controller, Suven.[\/et_pb_text][et_pb_text _builder_version=\u00bb4.24.0&#8243; _module_preset=\u00bbdefault\u00bb global_colors_info=\u00bb{}\u00bb]<\/p>\n<h2>Qu\u00e9 son las cookies<\/h2>\n<p>Una cookie es un fragmento peque\u00f1o de datos (archivo de texto) que un sitio web o una aplicaci\u00f3n, cuando lo visita un usuario, solicita a su navegador que almacene en el dispositivo para recordar informaci\u00f3n sobre usted, tal como si ha aceptado o no nuestro uso de cookies. Nosotros configuramos esas cookies y se denominan cookies de origen.<\/p>\n<p>Tambi\u00e9n utilizamos cookies de terceros, que son cookies de un dominio diferente al del dominio del sitio web que est\u00e1 visitando o un dominio que no estamos operando, por ejemplo, con fines de comercializaci\u00f3n y publicidad.<\/p>\n<p>[\/et_pb_text][et_pb_text _builder_version=\u00bb4.24.0&#8243; _module_preset=\u00bbdefault\u00bb global_colors_info=\u00bb{}\u00bb]<\/p>\n<h2>C\u00f3mo utilizamos las cookies<\/h2>\n<p>Este sitio web utiliza dos tipos de cookies: cookies persistentes y de sesi\u00f3n.Las cookies <strong>persistentes<\/strong> son cookies que permanecen en su dispositivo durante un cierto per\u00edodo (como se indica en la tabla a continuaci\u00f3n) o hasta que las elimine de forma manual o se oponga a ellas. Las cookies <strong>de sesi\u00f3n<\/strong> son cookies que caducan al final de la sesi\u00f3n del navegador (p. ej., cuando sale de nuestro sitio web o cierra su navegador).<\/p>\n<p>Utilizamos las cookies <strong>estrictamente necesarias<\/strong> para (i) reconocerlo como usuario recurrente, (ii) asegurar y brindarle nuestro sitio web (p. ej., formatear el sitio web y proteger nuestro sitio web contra ataques maliciosos) y (iii) guardar algunas de sus preferencias (p. ej., consentimiento de cookies y configuraci\u00f3n de idioma).<\/p>\n<p>Utilizamos cookies <strong>no esenciales (no estrictamente necesarias)<\/strong> para (i) ofrecer publicidad dirigida en funci\u00f3n de su comportamiento de navegaci\u00f3n y (ii) observar y analizar los niveles de tr\u00e1fico y otras m\u00e9tricas en nuestro sitio web, lo que nos ayuda a mejorar el sitio web y su experiencia de usuario en general. Solo utilizamos cookies no esenciales cuando tenemos su consentimiento (consulte a continuaci\u00f3n).<\/p>\n<p>Las cookies pueden ser <strong>de origen<\/strong> o <strong>de terceros<\/strong>, lo que significa que las operamos nosotros (de origen) u otra parte (de tercero). Cabe destacar que las interacciones con las cookies de terceros en nuestro sitio web se rigen por las pol\u00edticas de privacidad y de cookies del tercero, como se estable a continuaci\u00f3n.<\/p>\n<p>A continuaci\u00f3n, se incluye m\u00e1s informaci\u00f3n sobre los tipos de cookies que utilizamos.[\/et_pb_text][et_pb_text _builder_version=\u00bb4.24.0&#8243; _module_preset=\u00bbdefault\u00bb global_colors_info=\u00bb{}\u00bb]<\/p>\n<h2>Gesti\u00f3n de cookies<\/h2>\n<p>En la primera visita a nuestro sitio web y cada seis meses a partir de entonces, aparecer\u00e1 un banner de cookies en la p\u00e1gina de inicio donde se le informar\u00e1 por qu\u00e9 se utilizan las cookies y se le pedir\u00e1 su consentimiento para cada cookie no esencial si est\u00e1 de acuerdo con que las usemos y que seleccione \u201cAceptar\u201d. Si no est\u00e1 de acuerdo, puede seleccionar cu\u00e1les rechazar o aceptar o puede optar por \u201cRechazar\u201d.<\/p>\n<p>Puede cambiar sus preferencias de cookies a trav\u00e9s del banner de cookies, donde tiene la opci\u00f3n de aceptar o rechazar el uso de cookies no esenciales en su dispositivo. Sin embargo, tambi\u00e9n puede actualizar sus preferencias de cookies en todo momento con el bot\u00f3n a continuaci\u00f3n:[\/et_pb_text][et_pb_code _builder_version=\u00bb4.27.0&#8243; _module_preset=\u00bbdefault\u00bb custom_margin=\u00bb||30px||false|false\u00bb hover_enabled=\u00bb0&#8243; global_colors_info=\u00bb{}\u00bb sticky_enabled=\u00bb0&#8243;][wcc_preference_button][\/et_pb_code][et_pb_text _builder_version=\u00bb4.24.0&#8243; _module_preset=\u00bbdefault\u00bb global_colors_info=\u00bb{}\u00bb]<\/p>\n<p>Tenga en cuenta que no puede deshabilitar las cookies estrictamente necesarias dado que estas afectan la funcionalidad de nuestro sitio web y su capacidad para usar ciertas caracter\u00edsticas y funcionalidades.<\/p>\n<p>[\/et_pb_text][et_pb_text _builder_version=\u00bb4.19.5&#8243; _module_preset=\u00bbdefault\u00bb custom_margin=\u00bb||8px||false|false\u00bb global_colors_info=\u00bb{}\u00bb]<\/p>\n<h2>Tipos de cookies utilizadas<\/h2>\n<p>[\/et_pb_text][et_pb_text _builder_version=\u00bb4.24.0&#8243; _module_preset=\u00bbdefault\u00bb header_2_text_color=\u00bb#691F45&#8243; custom_padding=\u00bb1px|||||\u00bb custom_css_main_element=\u00bboverflow-x: auto;\u00bb global_colors_info=\u00bb{}\u00bb]<\/p>\n<table border=\"1\" style=\"border-collapse: collapse; width: 100%;\">\n<tbody>\n<tr>\n<td style=\"width: 15.9585%;\"><strong>Operador<\/strong><\/td>\n<td style=\"width: 1.21359%;\"><strong>Nombre de la cookie<\/strong><\/td>\n<td style=\"width: 17.5261%;\"><strong>De sesi\u00f3n o persistente <\/strong><\/td>\n<td style=\"width: 47.568%;\"><strong>Prop\u00f3sito<\/strong><\/td>\n<td style=\"width: 40.0688%;\"><strong>Duraci\u00f3n<\/strong><\/td>\n<\/tr>\n<tr>\n<td style=\"text-align: center;\" colspan=\"5\">\n<h3 style=\"padding: 4px 0;\">Cookies estrictamente necesarias<\/h3>\n<\/td>\n<\/tr>\n<tr>\n<td style=\"width: 15.9585%;\"><em>Elligo<\/em><\/td>\n<td style=\"width: 1.21359%;\">PHPSESSID<\/td>\n<td style=\"width: 17.5261%;\">De sesi\u00f3n<\/td>\n<td style=\"width: 47.568%;\">Esta cookie es nativa de las aplicaciones de PHP. La cookie se utiliza para almacenar e identificar el ID de sesi\u00f3n \u00fanica de un usuario con el fin de administrar la sesi\u00f3n del usuario en el sitio web. La cookie es una cookie de sesi\u00f3n y se elimina cuando se cierran todas las ventanas del navegador.<\/td>\n<td style=\"width: 40.0688%;\">De sesi\u00f3n<\/td>\n<\/tr>\n<tr>\n<td style=\"width: 15.9585%;\"><em>Elligo<\/em><\/td>\n<td style=\"width: 1.21359%;\">viewed_cookie_policy<\/td>\n<td style=\"width: 17.5261%;\">Persistente<\/td>\n<td style=\"width: 47.568%;\">La cookie est\u00e1 configurada por el complemento GDPR Cookie Consent y se utiliza para almacenar si el usuario ha dado su consentimiento o no para el uso de cookies. No almacena ning\u00fan dato personal.<\/td>\n<td style=\"width: 40.0688%;\">6 meses<\/td>\n<\/tr>\n<tr>\n<td style=\"width: 15.9585%;\"><em>Elligo<\/em><\/td>\n<td style=\"width: 1.21359%;\">CookieLawInfoConsent<\/td>\n<td style=\"width: 17.5261%;\">Persistente<\/td>\n<td style=\"width: 47.568%;\">CookieYes configura esta cookie para que registre el estado del bot\u00f3n predeterminado de la categor\u00eda correspondiente y del estado de la CCPA. Funciona solo en combinaci\u00f3n con la cookie principal.<\/td>\n<td style=\"width: 40.0688%;\">1 a\u00f1o<\/td>\n<\/tr>\n<tr>\n<td style=\"width: 15.9585%;\"><em>Elligo<\/em><\/td>\n<td style=\"width: 1.21359%;\">cookielawinfo-checkbox-necessary<\/td>\n<td style=\"width: 17.5261%;\">Persistente<\/td>\n<td style=\"width: 47.568%;\">Esta cookie est\u00e1 configurada por el complemento GDPR Cookie Consent. Las cookies se utilizan para almacenar el consentimiento del usuario para las cookies en la categor\u00eda \u201cNecesarias\u201d.<\/td>\n<td style=\"width: 40.0688%;\">1 a\u00f1o<\/td>\n<\/tr>\n<tr>\n<td style=\"width: 15.9585%;\"><em>Elligo<\/em><\/td>\n<td style=\"width: 1.21359%;\">cookielawinfo-checkbox-functional<\/td>\n<td style=\"width: 17.5261%;\">Persistente<\/td>\n<td style=\"width: 47.568%;\">La cookie est\u00e1 configurada por el complemento GDPR Cookie Consent para registrar el consentimiento del usuario para las cookies en la categor\u00eda \u201cFuncionales\u201d.<\/td>\n<td style=\"width: 40.0688%;\">1 a\u00f1o<\/td>\n<\/tr>\n<tr>\n<td style=\"width: 15.9585%;\"><em>Elligo<\/em><\/td>\n<td style=\"width: 1.21359%;\">cookielawinfo-checkbox-performance<\/td>\n<td style=\"width: 17.5261%;\">Persistente<\/td>\n<td style=\"width: 47.568%;\">Esta cookie est\u00e1 configurada por el complemento GDPR Cookie Consent. La cookie se utiliza para almacenar el consentimiento del usuario para las cookies en la categor\u00eda \u201cRendimiento\u201d.<\/td>\n<td style=\"width: 40.0688%;\">1 a\u00f1o<\/td>\n<\/tr>\n<tr>\n<td style=\"width: 15.9585%;\"><em>Elligo<\/em><\/td>\n<td style=\"width: 1.21359%;\">cookielawinfo-checkbox-analytics<\/td>\n<td style=\"width: 17.5261%;\">Persistente<\/td>\n<td style=\"width: 47.568%;\">Esta cookie est\u00e1 configurada por el complemento GDPR Cookie Consent WordPress. La cookie se utiliza para recordar el consentimiento del usuario para las cookies en la categor\u00eda \u201cAnal\u00edticas\u201d.<\/td>\n<td style=\"width: 40.0688%;\">1 a\u00f1o<\/td>\n<\/tr>\n<tr>\n<td style=\"width: 15.9585%;\"><em>Elligo<\/em><\/td>\n<td style=\"width: 1.21359%;\">cookielawinfo-checkbox-advertisement<\/td>\n<td style=\"width: 17.5261%;\">Persistente<\/td>\n<td style=\"width: 47.568%;\">La cookie est\u00e1 configurada por el consentimiento de cookies GDPR para registrar el consentimiento del usuario para las cookies en la categor\u00eda \u201cPublicidad\u201d.<\/td>\n<td style=\"width: 40.0688%;\">1 a\u00f1o<\/td>\n<\/tr>\n<tr>\n<td style=\"width: 15.9585%;\"><em>Elligo<\/em><\/td>\n<td style=\"width: 1.21359%;\">cookielawinfo-checkbox-others<\/td>\n<td style=\"width: 17.5261%;\">Persistente<\/td>\n<td style=\"width: 47.568%;\">Esta cookie est\u00e1 configurada por el complemento GDPR Cookie Consent. La cookie se utiliza para almacenar el consentimiento del usuario para las cookies en la categor\u00eda \u201cOtras\u201d.<\/td>\n<td style=\"width: 40.0688%;\">1 a\u00f1o<\/td>\n<\/tr>\n<tr>\n<td style=\"width: 15.9585%;\"><em>Elligo<\/em><\/td>\n<td style=\"width: 1.21359%;\">selected_language_url<\/td>\n<td style=\"width: 17.5261%;\">Persistente<\/td>\n<td style=\"width: 47.568%;\">Esta cookie se utiliza para mostrar el idioma elegido que un usuario selecciona en el sitio web.<\/td>\n<td style=\"width: 40.0688%;\">6 meses<\/td>\n<\/tr>\n<tr>\n<td style=\"width: 15.9585%;\"><em>WPML<\/em><\/td>\n<td style=\"width: 1.21359%;\">wp-wpml_current_language<\/td>\n<td style=\"width: 17.5261%;\">Persistente<\/td>\n<td style=\"width: 47.568%;\">Esta cookie est\u00e1 configurada por el complemento WPML para almacenar la selecci\u00f3n de idioma del usuario actual.<\/td>\n<td style=\"width: 40.0688%;\">24 horas<\/td>\n<\/tr>\n<tr>\n<td style=\"width: 15.9585%;\"><em> Matomo<\/em><\/td>\n<td style=\"width: 1.21359%;\">matomo_sessid<\/td>\n<td style=\"width: 17.5261%;\">De sesi\u00f3n<\/td>\n<td style=\"width: 47.568%;\">Esta cookie no contiene ning\u00fan dato que se utilice para identificar a los visitantes, pero se considera una cookie esencial.<\/td>\n<td style=\"width: 40.0688%;\">14 d\u00edas<\/td>\n<\/tr>\n<tr>\n<td style=\"text-align: center;\" colspan=\"5\">\n<h3 style=\"padding: 4px 0;\">Cookies no estrictamente necesarias<\/h3>\n<\/td>\n<\/tr>\n<tr>\n<td style=\"width: 15.9585%;\"><em>AppFromLab<\/em><\/td>\n<td style=\"width: 1.21359%;\">afl_wc_utm_sess_referer<\/td>\n<td style=\"width: 17.5261%;\">De sesi\u00f3n<\/td>\n<td style=\"width: 47.568%;\">Esta cookie, configurada por el complemento AFL UTM Tracker, almacena el primer origen de referencia del sitio web del usuario.<\/td>\n<td style=\"width: 40.0688%;\">De sesi\u00f3n<\/td>\n<\/tr>\n<tr>\n<td style=\"width: 15.9585%;\"><em>AppFromLab<\/em><\/td>\n<td style=\"width: 1.21359%;\">afl_wc_utm_cookie_expiry<\/td>\n<td style=\"width: 17.5261%;\">Persistente<\/td>\n<td style=\"width: 47.568%;\">Esta cookie, configurada por el complemento AFL UTM Tracker, almacena la cantidad de d\u00edas en las que las cookies configuradas por el complemento AFL UTM Tracker deben caducar despu\u00e9s de la \u00faltima visita del usuario.<\/td>\n<td style=\"width: 40.0688%;\">90 d\u00edas<\/td>\n<\/tr>\n<tr>\n<td style=\"width: 15.9585%;\"><em>AppFromLab<\/em><\/td>\n<td style=\"width: 1.21359%;\">afl_wc_utm_sess_visit<\/td>\n<td style=\"width: 17.5261%;\">De sesi\u00f3n<\/td>\n<td style=\"width: 47.568%;\">Esta cookie, configurada por el complemento AFL UTM Tracker, almacena la primera marca de tiempo de visita a la p\u00e1gina de destino del usuario.<\/td>\n<td style=\"width: 40.0688%;\">De sesi\u00f3n<\/td>\n<\/tr>\n<tr>\n<td style=\"width: 15.9585%;\"><em>AppFromLab<\/em><\/td>\n<td style=\"width: 1.21359%;\">afl_wc_utm_sess_landing<\/td>\n<td style=\"width: 17.5261%;\">De sesi\u00f3n<\/td>\n<td style=\"width: 47.568%;\">Esta cookie, configurada por el complemento AFL UTM Tracker, almacena la primera URL de la p\u00e1gina de destino del usuario.<\/td>\n<td style=\"width: 40.0688%;\">De sesi\u00f3n<\/td>\n<\/tr>\n<tr>\n<td style=\"width: 15.9585%;\"><em>AppFromLab<\/em><\/td>\n<td style=\"width: 1.21359%;\">afl_wc_utm_main<\/td>\n<td style=\"width: 17.5261%;\">De sesi\u00f3n<\/td>\n<td style=\"width: 47.568%;\">Esta cookie, configurada por el complemento AFL UTM Tracker, almacena la marca de tiempo de la \u00faltima comunicaci\u00f3n actualizada del lado del servidor.<\/td>\n<td style=\"width: 40.0688%;\">De sesi\u00f3n<\/td>\n<\/tr>\n<tr>\n<td style=\"width: 15.9585%;\"><em>Cloudflare<\/em><\/td>\n<td style=\"width: 1.21359%;\">__cf_bm<\/td>\n<td style=\"width: 17.5261%;\">Persistente<\/td>\n<td style=\"width: 47.568%;\">Cloudflare configura esta cookie para que sirva de apoyo al Cloudflare Bot Management.<\/td>\n<td style=\"width: 40.0688%;\">30 minutos<\/td>\n<\/tr>\n<tr>\n<td style=\"width: 15.9585%;\"><em>Matomo<\/em><\/td>\n<td style=\"width: 1.21359%;\">_pk_id*<\/td>\n<td style=\"width: 17.5261%;\">Persistente<\/td>\n<td style=\"width: 47.568%;\">Se utiliza para almacenar algunos detalles sobre el usuario, como el ID del visitante de la unidad.<\/td>\n<td style=\"width: 40.0688%;\">13 meses<\/td>\n<\/tr>\n<tr>\n<td style=\"width: 15.9585%;\"><em>Matomo<\/em><\/td>\n<td style=\"width: 1.21359%;\">_pk_ref*<\/td>\n<td style=\"width: 17.5261%;\">Persistente<\/td>\n<td style=\"width: 47.568%;\">Se utiliza para almacenar la informaci\u00f3n de atribuci\u00f3n.<\/td>\n<td style=\"width: 40.0688%;\">6 meses<\/td>\n<\/tr>\n<tr>\n<td style=\"width: 15.9585%;\"><em>Matomo<\/em><\/td>\n<td style=\"width: 1.21359%;\">_pk_ses*<\/td>\n<td style=\"width: 17.5261%;\">De sesi\u00f3n<\/td>\n<td style=\"width: 47.568%;\">Se utiliza para almacenar el ID de sesi\u00f3n \u00fanica.<\/td>\n<td style=\"width: 40.0688%;\">30 minutos<\/td>\n<\/tr>\n<tr>\n<td style=\"width: 15.9585%;\"><em>Matomo<\/em><\/td>\n<td style=\"width: 1.21359%;\">_pk_cvar<\/td>\n<td style=\"width: 17.5261%;\">De sesi\u00f3n<\/td>\n<td style=\"width: 47.568%;\">Contiene variables personalizadas que se establecieron durante la vista de p\u00e1gina anterior.<\/td>\n<td style=\"width: 40.0688%;\">30 minutos<\/td>\n<\/tr>\n<tr>\n<td style=\"width: 15.9585%;\"><em>Matomo<\/em><\/td>\n<td style=\"width: 1.21359%;\">_pk_hsr<\/td>\n<td style=\"width: 17.5261%;\">De sesi\u00f3n<\/td>\n<td style=\"width: 47.568%;\">Cookie de larga duraci\u00f3n para el mapa t\u00e9rmico del sitio web.<\/td>\n<td style=\"width: 40.0688%;\">30 minutos<\/td>\n<\/tr>\n<tr>\n<td style=\"width: 15.9585%;\"><em>Matomo<\/em><\/td>\n<td style=\"width: 1.21359%;\">_pk_testcookie<\/td>\n<td style=\"width: 17.5261%;\">De sesi\u00f3n<\/td>\n<td style=\"width: 47.568%;\">Se utiliza para comprobar si el navegador del visitante admite cookies.<\/td>\n<td style=\"width: 40.0688%;\">&lt;5 minutos<\/td>\n<\/tr>\n<tr>\n<td style=\"width: 15.9585%;\"><em>Matomo<\/em><\/td>\n<td style=\"width: 1.21359%;\">mtm_consent or mtm_consent_removed<\/td>\n<td style=\"width: 17.5261%;\">Persistente<\/td>\n<td style=\"width: 47.568%;\">Creada para recordar que el usuario dio (o elimin\u00f3) su consentimiento.<\/td>\n<td style=\"width: 40.0688%;\">2 a\u00f1os<\/td>\n<\/tr>\n<tr>\n<td style=\"width: 15.9585%;\"><em> Matomo<\/em><\/td>\n<td style=\"width: 1.21359%;\">mtm_cookie_consent<\/td>\n<td style=\"width: 17.5261%;\">Persistente<\/td>\n<td style=\"width: 47.568%;\">Se utiliza para recordar que el usuario dio su consentimiento para almacenar o utilizar cookies.<\/td>\n<td style=\"width: 40.0688%;\">2 a\u00f1os<\/td>\n<\/tr>\n<tr>\n<td style=\"width: 15.9585%;\"><em> Matomo<\/em><\/td>\n<td style=\"width: 1.21359%;\">Matomo_ignore<\/td>\n<td style=\"width: 17.5261%;\">Persistente<\/td>\n<td style=\"width: 47.568%;\">Creada cuando el usuario opta por que no lo rastreen.<\/td>\n<td style=\"width: 40.0688%;\">30 a\u00f1os<\/td>\n<\/tr>\n<tr>\n<td style=\"width: 15.9585%;\"><em>Google<\/em><\/td>\n<td style=\"width: 1.21359%;\">__gads<\/td>\n<td style=\"width: 17.5261%;\">Persistente<\/td>\n<td style=\"width: 47.568%;\">Google usa cookies para publicidad, lo que incluye publicar y mostrar anuncios, personalizar anuncios (seg\u00fan su configuraci\u00f3n de anuncios en <a href=\"https:\/\/g.co\/adsettings\" target=\"_blank\" rel=\"noreferrer noopener\">g.co\/adsettings<\/a>), limitar la cantidad de veces que se muestra un anuncio a un usuario, silenciar anuncios que haya optado por dejar de ver y medir la eficacia de los anuncios.<\/td>\n<td style=\"width: 40.0688%;\">13 meses<\/td>\n<\/tr>\n<tr>\n<td style=\"width: 15.9585%;\"><em>Google<\/em><\/td>\n<td style=\"width: 1.21359%;\">_gcl_au,_gcl_aw<\/td>\n<td style=\"width: 17.5261%;\">Persistente<\/td>\n<td style=\"width: 47.568%;\">Google usa cookies para publicidad, lo que incluye publicar y mostrar anuncios, personalizar anuncios (seg\u00fan su configuraci\u00f3n de anuncios en <a href=\"https:\/\/g.co\/adsettings\" target=\"_blank\" rel=\"noreferrer noopener\">g.co\/adsettings<\/a>), limitar la cantidad de veces que se muestra un anuncio a un usuario, silenciar anuncios que haya optado por dejar de ver y medir la eficacia de los anuncios.<\/td>\n<td style=\"width: 40.0688%;\">90 d\u00edas<\/td>\n<\/tr>\n<\/tbody>\n<\/table>\n<p>[\/et_pb_text][et_pb_text _builder_version=\u00bb4.24.0&#8243; _module_preset=\u00bbdefault\u00bb global_colors_info=\u00bb{}\u00bb]<\/p>\n<h2>Comun\u00edquese con nosotros<\/h2>\n<p>Para obtener m\u00e1s informaci\u00f3n sobre el uso de cookies en nuestro sitio web, comun\u00edquese con nosotros en:<\/p>\n<p>Elligo Health Research, Inc.<br \/>11612 Bee Caves Rd<br \/>Building 1 Suite 150<br \/>Austin, TX 78738<\/p>\n<p>Responsable de protecci\u00f3n de datos (DPO)<br \/><a href=\"mailto:privacy@elligodirect.com\">privacy@elligodirect.com<\/a><\/p>\n<p>Para obtener m\u00e1s informaci\u00f3n sobre c\u00f3mo procesamos los datos personales a trav\u00e9s del uso de cookies, visite nuestra <a href=\"https:\/\/agitation-study.com\/es\/politica-de-privacidad\/\"><strong>Pol\u00edtica de privacidad<\/strong><\/a>.<\/p>\n<p>[\/et_pb_text][\/et_pb_column][\/et_pb_row][\/et_pb_section]<\/p>\n","protected":false},"excerpt":{"rendered":"<p>Pol\u00edtica de cookiesLast Update: January 31, 2024 Elligo Health Research, Inc. (\u201cElligo\u201d \u201cwe\u201d or \u201cus\u201d) is assisting the Clinical Research Organization (CRO) PPD in providing certain services, which could include study advertising, study recruitment, study site support and hosting the CTP3S1502HT6 study website (the \u201cServices\u201d) on behalf of the Sponsor of the CTP3S1502HT6 Study, Suven [&hellip;]<\/p>\n","protected":false},"author":2,"featured_media":0,"parent":0,"menu_order":0,"comment_status":"closed","ping_status":"closed","template":"","meta":{"_et_pb_use_builder":"on","_et_pb_old_content":"","_et_gb_content_width":"","footnotes":""},"class_list":["post-390","page","type-page","status-publish","hentry"],"_links":{"self":[{"href":"https:\/\/agitation-study.com\/es\/wp-json\/wp\/v2\/pages\/390","targetHints":{"allow":["GET"]}}],"collection":[{"href":"https:\/\/agitation-study.com\/es\/wp-json\/wp\/v2\/pages"}],"about":[{"href":"https:\/\/agitation-study.com\/es\/wp-json\/wp\/v2\/types\/page"}],"author":[{"embeddable":true,"href":"https:\/\/agitation-study.com\/es\/wp-json\/wp\/v2\/users\/2"}],"replies":[{"embeddable":true,"href":"https:\/\/agitation-study.com\/es\/wp-json\/wp\/v2\/comments?post=390"}],"version-history":[{"count":0,"href":"https:\/\/agitation-study.com\/es\/wp-json\/wp\/v2\/pages\/390\/revisions"}],"wp:attachment":[{"href":"https:\/\/agitation-study.com\/es\/wp-json\/wp\/v2\/media?parent=390"}],"curies":[{"name":"wp","href":"https:\/\/api.w.org\/{rel}","templated":true}]}}